{"id":157,"date":"2024-05-29T17:58:20","date_gmt":"2024-05-29T15:58:20","guid":{"rendered":"https:\/\/dominique-astrologue.com\/?post_type=product&#038;p=157"},"modified":"2024-05-29T18:01:28","modified_gmt":"2024-05-29T16:01:28","slug":"previsions-annuelles-occidentales","status":"publish","type":"product","link":"https:\/\/dominique-astrologue.com\/index.php\/produit\/previsions-annuelles-occidentales\/","title":{"rendered":"Pr\u00e9visions ANNUELLES Occidentales"},"content":{"rendered":"","protected":false},"excerpt":{"rendered":"<p>Recevez <strong>chez vous <\/strong>vos Pr\u00e9visions Annuelles (Occidentales) complet enti\u00e8rement fait main.<em>Merci d&rsquo;indiquer votre date de naissance (et votre heure si vous la connaissez) au moment de valider votre commande (dans la partie \u00ab\u00a0Ajoutez une note \u00e0 votre commande). Vous pouvez \u00e9galement m&rsquo;envoyer ces informations \u00e0 l&rsquo;adresse email :  contact@dominique-astrologue.com<\/em><\/p>\n","protected":false},"featured_media":158,"template":"","meta":[],"product_cat":[22],"product_tag":[],"class_list":{"0":"post-157","1":"product","2":"type-product","3":"status-publish","4":"has-post-thumbnail","6":"product_cat-non-classe","8":"first","9":"instock","10":"shipping-taxable","11":"purchasable","12":"product-type-simple"},"_links":{"self":[{"href":"https:\/\/dominique-astrologue.com\/index.php\/wp-json\/wp\/v2\/product\/157"}],"collection":[{"href":"https:\/\/dominique-astrologue.com\/index.php\/wp-json\/wp\/v2\/product"}],"about":[{"href":"https:\/\/dominique-astrologue.com\/index.php\/wp-json\/wp\/v2\/types\/product"}],"wp:featuredmedia":[{"embeddable":true,"href":"https:\/\/dominique-astrologue.com\/index.php\/wp-json\/wp\/v2\/media\/158"}],"wp:attachment":[{"href":"https:\/\/dominique-astrologue.com\/index.php\/wp-json\/wp\/v2\/media?parent=157"}],"wp:term":[{"taxonomy":"product_cat","embeddable":true,"href":"https:\/\/dominique-astrologue.com\/index.php\/wp-json\/wp\/v2\/product_cat?post=157"},{"taxonomy":"product_tag","embeddable":true,"href":"https:\/\/dominique-astrologue.com\/index.php\/wp-json\/wp\/v2\/product_tag?post=157"}],"curies":[{"name":"wp","href":"https:\/\/api.w.org\/{rel}","templated":true}]}}