{"id":128,"date":"2024-05-29T11:33:05","date_gmt":"2024-05-29T09:33:05","guid":{"rendered":"https:\/\/dominique-astrologue.com\/?post_type=product&#038;p=128"},"modified":"2024-05-29T17:56:26","modified_gmt":"2024-05-29T15:56:26","slug":"votre-theme-astral-par-courrier","status":"publish","type":"product","link":"https:\/\/dominique-astrologue.com\/index.php\/produit\/votre-theme-astral-par-courrier\/","title":{"rendered":"Th\u00e8me Astrologique Natal (par courrier)"},"content":{"rendered":"","protected":false},"excerpt":{"rendered":"<p>Recevez <strong>chez vous <\/strong>votre <strong>Th\u00e8me Astrologique Natal <\/strong>(Occidental) complet enti\u00e8rement fait main.<\/p>\n<p><em>Merci d&rsquo;indiquer votre date de naissance (et votre heure si vous la connaissez) au moment de valider votre commande (dans la partie \u00ab\u00a0Ajoutez une note \u00e0 votre commande). Vous pouvez \u00e9galement m&rsquo;envoyer ces informations \u00e0 l&rsquo;adresse email :  contact@dominique-astrologue.com<\/em><\/p>\n","protected":false},"featured_media":129,"template":"","meta":[],"product_cat":[24],"product_tag":[],"class_list":{"0":"post-128","1":"product","2":"type-product","3":"status-publish","4":"has-post-thumbnail","6":"product_cat-astrologie","8":"first","9":"instock","10":"shipping-taxable","11":"purchasable","12":"product-type-simple"},"_links":{"self":[{"href":"https:\/\/dominique-astrologue.com\/index.php\/wp-json\/wp\/v2\/product\/128"}],"collection":[{"href":"https:\/\/dominique-astrologue.com\/index.php\/wp-json\/wp\/v2\/product"}],"about":[{"href":"https:\/\/dominique-astrologue.com\/index.php\/wp-json\/wp\/v2\/types\/product"}],"wp:featuredmedia":[{"embeddable":true,"href":"https:\/\/dominique-astrologue.com\/index.php\/wp-json\/wp\/v2\/media\/129"}],"wp:attachment":[{"href":"https:\/\/dominique-astrologue.com\/index.php\/wp-json\/wp\/v2\/media?parent=128"}],"wp:term":[{"taxonomy":"product_cat","embeddable":true,"href":"https:\/\/dominique-astrologue.com\/index.php\/wp-json\/wp\/v2\/product_cat?post=128"},{"taxonomy":"product_tag","embeddable":true,"href":"https:\/\/dominique-astrologue.com\/index.php\/wp-json\/wp\/v2\/product_tag?post=128"}],"curies":[{"name":"wp","href":"https:\/\/api.w.org\/{rel}","templated":true}]}}