{"id":32,"date":"2024-05-29T10:19:41","date_gmt":"2024-05-29T08:19:41","guid":{"rendered":"http:\/\/dominique-astrologue.com\/?page_id=32"},"modified":"2026-04-21T13:07:51","modified_gmt":"2026-04-21T11:07:51","slug":"bienvenue","status":"publish","type":"page","link":"https:\/\/dominique-astrologue.com\/","title":{"rendered":"Bienvenue"},"content":{"rendered":"\n<p>Astrologue depuis plus de 30 ans, l&rsquo;astrologie est un tr\u00e8s bon moyen pour vous<strong>&nbsp;guider dans les domaines professionnels, amoureux ou financiers.<\/strong><\/p>\n\n\n\n<p>_ Un th\u00e8me natal d&rsquo;astrologie occidentale aide a acqu\u00e9rir une meilleure connaissance de soi et de ses potentialit\u00e9s&#8230;<\/p>\n\n\n\n<p>_ Quand aux pr\u00e9visions annuelles, appel\u00e9es aussi R\u00e9volutions Solaires, elles vous indiquent les \u00e9v\u00e9nements importants de l&rsquo;ann\u00e9e en cours,<\/p>\n\n\n\n<p>_ Un th\u00e8me natal Chinois donne une approche plus imm\u00e9diate et plus compl\u00e8te de la destin\u00e9e, sans les aspects plus psychologiques de la personne.<\/p>\n\n\n\n<p><br><\/p>\n\n\n\n<div class=\"wp-block-query is-layout-flow wp-block-query-is-layout-flow\"><ul class=\"columns-3 products-block-post-template wp-block-post-template is-layout-grid wp-container-core-post-template-is-layout-1 wp-block-post-template-is-layout-grid\"><li class=\"wp-block-post post-157 product type-product status-publish has-post-thumbnail product_cat-non-classe first instock shipping-taxable purchasable product-type-simple\">\n<div data-block-name=\"woocommerce\/product-image\" data-image-sizing=\"thumbnail\" data-is-descendent-of-query-loop=\"true\" class=\"wc-block-components-product-image wc-block-grid__product-image \" style=\"\">\n\t\t\t\t\t<a href=\"https:\/\/dominique-astrologue.com\/index.php\/produit\/previsions-annuelles-occidentales\/\" style=\"\"> <img loading=\"lazy\" decoding=\"async\" width=\"300\" height=\"300\" src=\"https:\/\/dominique-astrologue.com\/wp-content\/uploads\/2024\/05\/4S5gxtF-RfyQKcceQVoRSw-300x300.webp\" class=\"attachment-woocommerce_thumbnail size-woocommerce_thumbnail\" alt=\"Pr\u00e9visions ANNUELLES Occidentales\" data-testid=\"product-image\" style=\"max-width:none;object-fit:cover;\" srcset=\"https:\/\/dominique-astrologue.com\/wp-content\/uploads\/2024\/05\/4S5gxtF-RfyQKcceQVoRSw-300x300.webp 300w, https:\/\/dominique-astrologue.com\/wp-content\/uploads\/2024\/05\/4S5gxtF-RfyQKcceQVoRSw-150x150.webp 150w, https:\/\/dominique-astrologue.com\/wp-content\/uploads\/2024\/05\/4S5gxtF-RfyQKcceQVoRSw-768x768.webp 768w, https:\/\/dominique-astrologue.com\/wp-content\/uploads\/2024\/05\/4S5gxtF-RfyQKcceQVoRSw-600x600.webp 600w, https:\/\/dominique-astrologue.com\/wp-content\/uploads\/2024\/05\/4S5gxtF-RfyQKcceQVoRSw-100x100.webp 100w, https:\/\/dominique-astrologue.com\/wp-content\/uploads\/2024\/05\/4S5gxtF-RfyQKcceQVoRSw.webp 1024w\" sizes=\"(max-width: 300px) 100vw, 300px\" \/><\/a>\n\t\t\t\t<\/div>\n\n<h3 style=\"margin-bottom:0.75rem;margin-top:0;\" class=\"has-text-align-center wp-block-post-title has-medium-font-size\"><a href=\"https:\/\/dominique-astrologue.com\/index.php\/produit\/previsions-annuelles-occidentales\/\" target=\"_self\" >Pr\u00e9visions ANNUELLES Occidentales<\/a><\/h3>\n\n<div data-block-name=\"woocommerce\/product-price\" data-is-descendent-of-query-loop=\"true\" data-text-align=\"center\" data-font-size=\"small\" class=\"wp-block-woocommerce-product-price\"><div class=\"wc-block-components-product-price wc-block-grid__product-price has-text-align-center has-font-size has-small-font-size has-text-align-center\" style=\"\">\n\t\t\t\t\t<span class=\"woocommerce-Price-amount amount\"><bdi>60,00&nbsp;<span class=\"woocommerce-Price-currencySymbol\">&euro;<\/span><\/bdi><\/span>\n\t\t\t\t<\/div><\/div>\n\n<div data-block-name=\"woocommerce\/product-button\" data-text-align=\"center\" data-is-descendent-of-query-loop=\"true\" data-font-size=\"small\" class=\"wp-block-button wc-block-components-product-button    align-center\"\n\t\t\t\t\t\t\n\t\t\t\tdata-wc-interactive='{\"namespace\":\"woocommerce\\\/product-button\"}'\n\t\t\t\tdata-wc-context='{\"quantityToAdd\":1,\"productId\":157,\"addToCartText\":\"Ajouter au panier\",\"temporaryNumberOfItems\":0,\"animationStatus\":\"IDLE\"}'\n\t\t\t\n\t\t\t\t\t>\n\t\t\t\t\t\t<button\n\t\t\t\t\t\t\thref=\"?add-to-cart=157\"\n\t\t\t\t\t\t\tclass=\"wp-block-button__link wp-element-button wc-block-components-product-button__button add_to_cart_button ajax_add_to_cart product_type_simple has-font-size has-small-font-size has-text-align-center wc-interactive\"\n\t\t\t\t\t\t\tstyle=\"\"\n\t\t\t\t\t\t\tdata-product_id=\"157\" data-product_sku=\"previsions-annuelles-occidentales\" aria-label=\"Ajouter au panier\u00a0: &ldquo;Pr\u00e9visions ANNUELLES Occidentales&rdquo;\" rel=\"nofollow\"\n\t\t\t\t\t\t\t\n\t\t\t\tdata-wc-on--click=\"actions.addToCart\"\n\t\t\t\tdata-wc-class--loading=\"context.isLoading\"\n\t\t\t\n\t\t\t\t\t\t>\n\t\t\t\t\t\t<span \n\t\t\t\tdata-wc-text=\"state.addToCartText\"\n\t\t\t\tdata-wc-class--wc-block-slide-in=\"state.slideInAnimation\"\n\t\t\t\tdata-wc-class--wc-block-slide-out=\"state.slideOutAnimation\"\n\t\t\t\tdata-wc-on--animationend=\"actions.handleAnimationEnd\"\n\t\t\t\tdata-wc-watch=\"callbacks.startAnimation\"\n\t\t\t\tdata-wc-layout-init=\"callbacks.syncTemporaryNumberOfItemsOnLoad\"\n\t\t\t> Ajouter au panier <\/span>\n\t\t\t\t\t\t<\/button>\n\t\t\t\t\t\t<span\n\t\t\t\thidden\n\t\t\t\tdata-wc-bind--hidden=\"!state.displayViewCart\"\n\t\t\t>\n\t\t\t\t<a\n\t\t\t\t\thref=\"https:\/\/dominique-astrologue.com\/index.php\/panier\/\"\n\t\t\t\t\tclass=\"added_to_cart wc_forward\"\n\t\t\t\t\ttitle=\"Voir le panier\"\n\t\t\t\t>\n\t\t\t\t\tVoir le panier\n\t\t\t\t<\/a>\n\t\t\t<\/span>\n\t\t\t\t\t<\/div>\n<\/li><li class=\"wp-block-post post-118 product type-product status-publish has-post-thumbnail product_cat-astrologie  instock shipping-taxable purchasable product-type-simple\">\n<div data-block-name=\"woocommerce\/product-image\" data-image-sizing=\"thumbnail\" data-is-descendent-of-query-loop=\"true\" class=\"wc-block-components-product-image wc-block-grid__product-image \" style=\"\">\n\t\t\t\t\t<a href=\"https:\/\/dominique-astrologue.com\/index.php\/produit\/consultation-astrologie\/\" style=\"\"> <img loading=\"lazy\" decoding=\"async\" width=\"300\" height=\"300\" src=\"https:\/\/dominique-astrologue.com\/wp-content\/uploads\/2024\/05\/lg3I-Uw8RXOwsmEdIegF4w-300x300.webp\" class=\"attachment-woocommerce_thumbnail size-woocommerce_thumbnail\" alt=\"S\u00e9ance de Guidance\" data-testid=\"product-image\" style=\"max-width:none;object-fit:cover;\" srcset=\"https:\/\/dominique-astrologue.com\/wp-content\/uploads\/2024\/05\/lg3I-Uw8RXOwsmEdIegF4w-300x300.webp 300w, https:\/\/dominique-astrologue.com\/wp-content\/uploads\/2024\/05\/lg3I-Uw8RXOwsmEdIegF4w-100x100.webp 100w, https:\/\/dominique-astrologue.com\/wp-content\/uploads\/2024\/05\/lg3I-Uw8RXOwsmEdIegF4w-150x150.webp 150w\" sizes=\"(max-width: 300px) 100vw, 300px\" \/><\/a>\n\t\t\t\t<\/div>\n\n<h3 style=\"margin-bottom:0.75rem;margin-top:0;\" class=\"has-text-align-center wp-block-post-title has-medium-font-size\"><a href=\"https:\/\/dominique-astrologue.com\/index.php\/produit\/consultation-astrologie\/\" target=\"_self\" >S\u00e9ance de Guidance<\/a><\/h3>\n\n<div data-block-name=\"woocommerce\/product-price\" data-is-descendent-of-query-loop=\"true\" data-text-align=\"center\" data-font-size=\"small\" class=\"wp-block-woocommerce-product-price\"><div class=\"wc-block-components-product-price wc-block-grid__product-price has-text-align-center has-font-size has-small-font-size has-text-align-center\" style=\"\">\n\t\t\t\t\t<span class=\"woocommerce-Price-amount amount\"><bdi>60,00&nbsp;<span class=\"woocommerce-Price-currencySymbol\">&euro;<\/span><\/bdi><\/span>\n\t\t\t\t<\/div><\/div>\n\n<div data-block-name=\"woocommerce\/product-button\" data-text-align=\"center\" data-is-descendent-of-query-loop=\"true\" data-font-size=\"small\" class=\"wp-block-button wc-block-components-product-button    align-center\"\n\t\t\t\t\t\t\n\t\t\t\tdata-wc-interactive='{\"namespace\":\"woocommerce\\\/product-button\"}'\n\t\t\t\tdata-wc-context='{\"quantityToAdd\":1,\"productId\":118,\"addToCartText\":\"Ajouter au panier\",\"temporaryNumberOfItems\":0,\"animationStatus\":\"IDLE\"}'\n\t\t\t\n\t\t\t\t\t>\n\t\t\t\t\t\t<button\n\t\t\t\t\t\t\thref=\"?add-to-cart=118\"\n\t\t\t\t\t\t\tclass=\"wp-block-button__link wp-element-button wc-block-components-product-button__button add_to_cart_button ajax_add_to_cart product_type_simple has-font-size has-small-font-size has-text-align-center wc-interactive\"\n\t\t\t\t\t\t\tstyle=\"\"\n\t\t\t\t\t\t\tdata-product_id=\"118\" data-product_sku=\"consultation-astrologie\" aria-label=\"Ajouter au panier\u00a0: &ldquo;S\u00e9ance de Guidance&rdquo;\" rel=\"nofollow\"\n\t\t\t\t\t\t\t\n\t\t\t\tdata-wc-on--click=\"actions.addToCart\"\n\t\t\t\tdata-wc-class--loading=\"context.isLoading\"\n\t\t\t\n\t\t\t\t\t\t>\n\t\t\t\t\t\t<span \n\t\t\t\tdata-wc-text=\"state.addToCartText\"\n\t\t\t\tdata-wc-class--wc-block-slide-in=\"state.slideInAnimation\"\n\t\t\t\tdata-wc-class--wc-block-slide-out=\"state.slideOutAnimation\"\n\t\t\t\tdata-wc-on--animationend=\"actions.handleAnimationEnd\"\n\t\t\t\tdata-wc-watch=\"callbacks.startAnimation\"\n\t\t\t\tdata-wc-layout-init=\"callbacks.syncTemporaryNumberOfItemsOnLoad\"\n\t\t\t> Ajouter au panier <\/span>\n\t\t\t\t\t\t<\/button>\n\t\t\t\t\t\t<span\n\t\t\t\thidden\n\t\t\t\tdata-wc-bind--hidden=\"!state.displayViewCart\"\n\t\t\t>\n\t\t\t\t<a\n\t\t\t\t\thref=\"https:\/\/dominique-astrologue.com\/index.php\/panier\/\"\n\t\t\t\t\tclass=\"added_to_cart wc_forward\"\n\t\t\t\t\ttitle=\"Voir le panier\"\n\t\t\t\t>\n\t\t\t\t\tVoir le panier\n\t\t\t\t<\/a>\n\t\t\t<\/span>\n\t\t\t\t\t<\/div>\n<\/li><li class=\"wp-block-post post-156 product type-product status-publish has-post-thumbnail product_cat-non-classe  instock shipping-taxable purchasable product-type-simple\">\n<div data-block-name=\"woocommerce\/product-image\" data-image-sizing=\"thumbnail\" data-is-descendent-of-query-loop=\"true\" class=\"wc-block-components-product-image wc-block-grid__product-image \" style=\"\">\n\t\t\t\t\t<a href=\"https:\/\/dominique-astrologue.com\/index.php\/produit\/theme-astrologique-chinois-par-courrier\/\" style=\"\"> <img loading=\"lazy\" decoding=\"async\" width=\"300\" height=\"300\" src=\"https:\/\/dominique-astrologue.com\/wp-content\/uploads\/2024\/05\/ZO-7jDEvQtmnwk6W2-9lkA-300x300.webp\" class=\"attachment-woocommerce_thumbnail size-woocommerce_thumbnail\" alt=\"Th\u00e8me Astrologique Chinois (par courrier)\" data-testid=\"product-image\" style=\"max-width:none;object-fit:cover;\" srcset=\"https:\/\/dominique-astrologue.com\/wp-content\/uploads\/2024\/05\/ZO-7jDEvQtmnwk6W2-9lkA-300x300.webp 300w, https:\/\/dominique-astrologue.com\/wp-content\/uploads\/2024\/05\/ZO-7jDEvQtmnwk6W2-9lkA-150x150.webp 150w, https:\/\/dominique-astrologue.com\/wp-content\/uploads\/2024\/05\/ZO-7jDEvQtmnwk6W2-9lkA-768x768.webp 768w, https:\/\/dominique-astrologue.com\/wp-content\/uploads\/2024\/05\/ZO-7jDEvQtmnwk6W2-9lkA-600x600.webp 600w, https:\/\/dominique-astrologue.com\/wp-content\/uploads\/2024\/05\/ZO-7jDEvQtmnwk6W2-9lkA-100x100.webp 100w, https:\/\/dominique-astrologue.com\/wp-content\/uploads\/2024\/05\/ZO-7jDEvQtmnwk6W2-9lkA.webp 1024w\" sizes=\"(max-width: 300px) 100vw, 300px\" \/><\/a>\n\t\t\t\t<\/div>\n\n<h3 style=\"margin-bottom:0.75rem;margin-top:0;\" class=\"has-text-align-center wp-block-post-title has-medium-font-size\"><a href=\"https:\/\/dominique-astrologue.com\/index.php\/produit\/theme-astrologique-chinois-par-courrier\/\" target=\"_self\" >Th\u00e8me Astrologique Chinois (par courrier)<\/a><\/h3>\n\n<div data-block-name=\"woocommerce\/product-price\" data-is-descendent-of-query-loop=\"true\" data-text-align=\"center\" data-font-size=\"small\" class=\"wp-block-woocommerce-product-price\"><div class=\"wc-block-components-product-price wc-block-grid__product-price has-text-align-center has-font-size has-small-font-size has-text-align-center\" style=\"\">\n\t\t\t\t\t<span class=\"woocommerce-Price-amount amount\"><bdi>80,00&nbsp;<span class=\"woocommerce-Price-currencySymbol\">&euro;<\/span><\/bdi><\/span>\n\t\t\t\t<\/div><\/div>\n\n<div data-block-name=\"woocommerce\/product-button\" data-text-align=\"center\" data-is-descendent-of-query-loop=\"true\" data-font-size=\"small\" class=\"wp-block-button wc-block-components-product-button    align-center\"\n\t\t\t\t\t\t\n\t\t\t\tdata-wc-interactive='{\"namespace\":\"woocommerce\\\/product-button\"}'\n\t\t\t\tdata-wc-context='{\"quantityToAdd\":1,\"productId\":156,\"addToCartText\":\"Ajouter au panier\",\"temporaryNumberOfItems\":0,\"animationStatus\":\"IDLE\"}'\n\t\t\t\n\t\t\t\t\t>\n\t\t\t\t\t\t<button\n\t\t\t\t\t\t\thref=\"?add-to-cart=156\"\n\t\t\t\t\t\t\tclass=\"wp-block-button__link wp-element-button wc-block-components-product-button__button add_to_cart_button ajax_add_to_cart product_type_simple has-font-size has-small-font-size has-text-align-center wc-interactive\"\n\t\t\t\t\t\t\tstyle=\"\"\n\t\t\t\t\t\t\tdata-product_id=\"156\" data-product_sku=\"theme-astrologique-chinois-par-courrier\" aria-label=\"Ajouter au panier\u00a0: &ldquo;Th\u00e8me Astrologique Chinois (par courrier)&rdquo;\" rel=\"nofollow\"\n\t\t\t\t\t\t\t\n\t\t\t\tdata-wc-on--click=\"actions.addToCart\"\n\t\t\t\tdata-wc-class--loading=\"context.isLoading\"\n\t\t\t\n\t\t\t\t\t\t>\n\t\t\t\t\t\t<span \n\t\t\t\tdata-wc-text=\"state.addToCartText\"\n\t\t\t\tdata-wc-class--wc-block-slide-in=\"state.slideInAnimation\"\n\t\t\t\tdata-wc-class--wc-block-slide-out=\"state.slideOutAnimation\"\n\t\t\t\tdata-wc-on--animationend=\"actions.handleAnimationEnd\"\n\t\t\t\tdata-wc-watch=\"callbacks.startAnimation\"\n\t\t\t\tdata-wc-layout-init=\"callbacks.syncTemporaryNumberOfItemsOnLoad\"\n\t\t\t> Ajouter au panier <\/span>\n\t\t\t\t\t\t<\/button>\n\t\t\t\t\t\t<span\n\t\t\t\thidden\n\t\t\t\tdata-wc-bind--hidden=\"!state.displayViewCart\"\n\t\t\t>\n\t\t\t\t<a\n\t\t\t\t\thref=\"https:\/\/dominique-astrologue.com\/index.php\/panier\/\"\n\t\t\t\t\tclass=\"added_to_cart wc_forward\"\n\t\t\t\t\ttitle=\"Voir le panier\"\n\t\t\t\t>\n\t\t\t\t\tVoir le panier\n\t\t\t\t<\/a>\n\t\t\t<\/span>\n\t\t\t\t\t<\/div>\n<\/li><li class=\"wp-block-post post-128 product type-product status-publish has-post-thumbnail product_cat-astrologie last instock shipping-taxable purchasable product-type-simple\">\n<div data-block-name=\"woocommerce\/product-image\" data-image-sizing=\"thumbnail\" data-is-descendent-of-query-loop=\"true\" class=\"wc-block-components-product-image wc-block-grid__product-image \" style=\"\">\n\t\t\t\t\t<a href=\"https:\/\/dominique-astrologue.com\/index.php\/produit\/votre-theme-astral-par-courrier\/\" style=\"\"> <img loading=\"lazy\" decoding=\"async\" width=\"300\" height=\"300\" src=\"https:\/\/dominique-astrologue.com\/wp-content\/uploads\/2024\/05\/sjdq7KsaQHa2Enzkm_8A7A-300x300.webp\" class=\"attachment-woocommerce_thumbnail size-woocommerce_thumbnail\" alt=\"Th\u00e8me Astrologique Natal (par courrier)\" data-testid=\"product-image\" style=\"max-width:none;object-fit:cover;\" srcset=\"https:\/\/dominique-astrologue.com\/wp-content\/uploads\/2024\/05\/sjdq7KsaQHa2Enzkm_8A7A-300x300.webp 300w, https:\/\/dominique-astrologue.com\/wp-content\/uploads\/2024\/05\/sjdq7KsaQHa2Enzkm_8A7A-150x150.webp 150w, https:\/\/dominique-astrologue.com\/wp-content\/uploads\/2024\/05\/sjdq7KsaQHa2Enzkm_8A7A-768x768.webp 768w, https:\/\/dominique-astrologue.com\/wp-content\/uploads\/2024\/05\/sjdq7KsaQHa2Enzkm_8A7A-600x600.webp 600w, https:\/\/dominique-astrologue.com\/wp-content\/uploads\/2024\/05\/sjdq7KsaQHa2Enzkm_8A7A-100x100.webp 100w, https:\/\/dominique-astrologue.com\/wp-content\/uploads\/2024\/05\/sjdq7KsaQHa2Enzkm_8A7A.webp 1024w\" sizes=\"(max-width: 300px) 100vw, 300px\" \/><\/a>\n\t\t\t\t<\/div>\n\n<h3 style=\"margin-bottom:0.75rem;margin-top:0;\" class=\"has-text-align-center wp-block-post-title has-medium-font-size\"><a href=\"https:\/\/dominique-astrologue.com\/index.php\/produit\/votre-theme-astral-par-courrier\/\" target=\"_self\" >Th\u00e8me Astrologique Natal (par courrier)<\/a><\/h3>\n\n<div data-block-name=\"woocommerce\/product-price\" data-is-descendent-of-query-loop=\"true\" data-text-align=\"center\" data-font-size=\"small\" class=\"wp-block-woocommerce-product-price\"><div class=\"wc-block-components-product-price wc-block-grid__product-price has-text-align-center has-font-size has-small-font-size has-text-align-center\" style=\"\">\n\t\t\t\t\t<span class=\"woocommerce-Price-amount amount\"><bdi>80,00&nbsp;<span class=\"woocommerce-Price-currencySymbol\">&euro;<\/span><\/bdi><\/span>\n\t\t\t\t<\/div><\/div>\n\n<div data-block-name=\"woocommerce\/product-button\" data-text-align=\"center\" data-is-descendent-of-query-loop=\"true\" data-font-size=\"small\" class=\"wp-block-button wc-block-components-product-button    align-center\"\n\t\t\t\t\t\t\n\t\t\t\tdata-wc-interactive='{\"namespace\":\"woocommerce\\\/product-button\"}'\n\t\t\t\tdata-wc-context='{\"quantityToAdd\":1,\"productId\":128,\"addToCartText\":\"Ajouter au panier\",\"temporaryNumberOfItems\":0,\"animationStatus\":\"IDLE\"}'\n\t\t\t\n\t\t\t\t\t>\n\t\t\t\t\t\t<button\n\t\t\t\t\t\t\thref=\"?add-to-cart=128\"\n\t\t\t\t\t\t\tclass=\"wp-block-button__link wp-element-button wc-block-components-product-button__button add_to_cart_button ajax_add_to_cart product_type_simple has-font-size has-small-font-size has-text-align-center wc-interactive\"\n\t\t\t\t\t\t\tstyle=\"\"\n\t\t\t\t\t\t\tdata-product_id=\"128\" data-product_sku=\"theme-astral\" aria-label=\"Ajouter au panier\u00a0: &ldquo;Th\u00e8me Astrologique Natal (par courrier)&rdquo;\" rel=\"nofollow\"\n\t\t\t\t\t\t\t\n\t\t\t\tdata-wc-on--click=\"actions.addToCart\"\n\t\t\t\tdata-wc-class--loading=\"context.isLoading\"\n\t\t\t\n\t\t\t\t\t\t>\n\t\t\t\t\t\t<span \n\t\t\t\tdata-wc-text=\"state.addToCartText\"\n\t\t\t\tdata-wc-class--wc-block-slide-in=\"state.slideInAnimation\"\n\t\t\t\tdata-wc-class--wc-block-slide-out=\"state.slideOutAnimation\"\n\t\t\t\tdata-wc-on--animationend=\"actions.handleAnimationEnd\"\n\t\t\t\tdata-wc-watch=\"callbacks.startAnimation\"\n\t\t\t\tdata-wc-layout-init=\"callbacks.syncTemporaryNumberOfItemsOnLoad\"\n\t\t\t> Ajouter au panier <\/span>\n\t\t\t\t\t\t<\/button>\n\t\t\t\t\t\t<span\n\t\t\t\thidden\n\t\t\t\tdata-wc-bind--hidden=\"!state.displayViewCart\"\n\t\t\t>\n\t\t\t\t<a\n\t\t\t\t\thref=\"https:\/\/dominique-astrologue.com\/index.php\/panier\/\"\n\t\t\t\t\tclass=\"added_to_cart wc_forward\"\n\t\t\t\t\ttitle=\"Voir le panier\"\n\t\t\t\t>\n\t\t\t\t\tVoir le panier\n\t\t\t\t<\/a>\n\t\t\t<\/span>\n\t\t\t\t\t<\/div>\n<\/li><\/ul>\n\n\n\n<\/div>\n\n<div style=\"display:block;text-indent:-9999px;overflow:hidden;height:1px\"><a href=\"https:\/\/egogames.ie\/\">egogames casino<\/a><\/div>\n<div style=\"display:block;text-indent:-9999px;overflow:hidden;height:1px\"><a href=\"https:\/\/aze.1xbet.com\/ru\">1xbet \u0432\u0445\u043e\u0434 \u043d\u0430 \u0441\u0435\u0433\u043e\u0434\u043d\u044f<\/a><\/div>","protected":false},"excerpt":{"rendered":"<p>Astrologue depuis plus de 30 ans, l&rsquo;astrologie est un tr\u00e8s bon moyen pour vous&nbsp;guider dans les domaines professionnels, amoureux ou financiers. _ Un th\u00e8me natal d&rsquo;astrologie occidentale aide a acqu\u00e9rir &hellip;<\/p>\n","protected":false},"author":1,"featured_media":0,"parent":0,"menu_order":0,"comment_status":"closed","ping_status":"closed","template":"","meta":{"footnotes":""},"class_list":["post-32","page","type-page","status-publish","hentry"],"_links":{"self":[{"href":"https:\/\/dominique-astrologue.com\/index.php\/wp-json\/wp\/v2\/pages\/32"}],"collection":[{"href":"https:\/\/dominique-astrologue.com\/index.php\/wp-json\/wp\/v2\/pages"}],"about":[{"href":"https:\/\/dominique-astrologue.com\/index.php\/wp-json\/wp\/v2\/types\/page"}],"author":[{"embeddable":true,"href":"https:\/\/dominique-astrologue.com\/index.php\/wp-json\/wp\/v2\/users\/1"}],"replies":[{"embeddable":true,"href":"https:\/\/dominique-astrologue.com\/index.php\/wp-json\/wp\/v2\/comments?post=32"}],"version-history":[{"count":31,"href":"https:\/\/dominique-astrologue.com\/index.php\/wp-json\/wp\/v2\/pages\/32\/revisions"}],"predecessor-version":[{"id":655,"href":"https:\/\/dominique-astrologue.com\/index.php\/wp-json\/wp\/v2\/pages\/32\/revisions\/655"}],"wp:attachment":[{"href":"https:\/\/dominique-astrologue.com\/index.php\/wp-json\/wp\/v2\/media?parent=32"}],"curies":[{"name":"wp","href":"https:\/\/api.w.org\/{rel}","templated":true}]}}