{"id":26,"date":"2024-05-29T10:11:11","date_gmt":"2024-05-29T08:11:11","guid":{"rendered":"http:\/\/dominique-astrologue.com\/?page_id=26"},"modified":"2024-06-04T15:50:19","modified_gmt":"2024-06-04T13:50:19","slug":"la-consultation","status":"publish","type":"page","link":"https:\/\/dominique-astrologue.com\/index.php\/la-consultation\/","title":{"rendered":"La Consultation"},"content":{"rendered":"\n<p>La consultation d&rsquo;astrologie est un moment privil\u00e9gi\u00e9 de rencontre avec soi-m\u00eame et l&rsquo;univers. Chaque individu est unique, tout comme chaque th\u00e8me astral .<\/p>\n\n\n<div class=\"wp-block-image\">\n<figure class=\"aligncenter size-full\"><img loading=\"lazy\" decoding=\"async\" width=\"685\" height=\"441\" src=\"https:\/\/dominique-astrologue.com\/wp-content\/uploads\/2024\/06\/oll8g8hu.gif\" alt=\"\" class=\"wp-image-202\"\/><\/figure><\/div>\n\n\n<p>Les informations r\u00e9v\u00e9l\u00e9es lors de votre consultation astrologique  vous sont exclusivement destin\u00e9es. Cette consultation approfondie permet non seulement de d\u00e9couvrir qui vous \u00eates r\u00e9ellement, mais aussi de donner un sens aux \u00e9v\u00e9nements marquants de votre vie. En outre, elle constitue une aide pr\u00e9cieuse pour se lib\u00e9rer des sch\u00e9mas r\u00e9p\u00e9titifs et des jugements qui nous conditionnent trop souvent.<\/p>\n\n\n\n<p>En optant pour une consultation d&rsquo;astrologie, vous b\u00e9n\u00e9ficiez d&rsquo;un \u00e9clairage unique sur votre chemin de vie, vous aidant \u00e0 naviguer avec confiance et clart\u00e9. Explorez les myst\u00e8res de votre \u00eatre int\u00e9rieur et lib\u00e9rez-vous des influences limitantes.<\/p>\n","protected":false},"excerpt":{"rendered":"<p>La consultation d&rsquo;astrologie est un moment privil\u00e9gi\u00e9 de rencontre avec soi-m\u00eame et l&rsquo;univers. Chaque individu est unique, tout comme chaque th\u00e8me astral . Les informations r\u00e9v\u00e9l\u00e9es lors de votre consultation &hellip;<\/p>\n","protected":false},"author":1,"featured_media":0,"parent":0,"menu_order":0,"comment_status":"closed","ping_status":"closed","template":"","meta":{"footnotes":""},"class_list":["post-26","page","type-page","status-publish","hentry"],"_links":{"self":[{"href":"https:\/\/dominique-astrologue.com\/index.php\/wp-json\/wp\/v2\/pages\/26"}],"collection":[{"href":"https:\/\/dominique-astrologue.com\/index.php\/wp-json\/wp\/v2\/pages"}],"about":[{"href":"https:\/\/dominique-astrologue.com\/index.php\/wp-json\/wp\/v2\/types\/page"}],"author":[{"embeddable":true,"href":"https:\/\/dominique-astrologue.com\/index.php\/wp-json\/wp\/v2\/users\/1"}],"replies":[{"embeddable":true,"href":"https:\/\/dominique-astrologue.com\/index.php\/wp-json\/wp\/v2\/comments?post=26"}],"version-history":[{"count":3,"href":"https:\/\/dominique-astrologue.com\/index.php\/wp-json\/wp\/v2\/pages\/26\/revisions"}],"predecessor-version":[{"id":203,"href":"https:\/\/dominique-astrologue.com\/index.php\/wp-json\/wp\/v2\/pages\/26\/revisions\/203"}],"wp:attachment":[{"href":"https:\/\/dominique-astrologue.com\/index.php\/wp-json\/wp\/v2\/media?parent=26"}],"curies":[{"name":"wp","href":"https:\/\/api.w.org\/{rel}","templated":true}]}}