{"id":23,"date":"2024-05-29T10:08:49","date_gmt":"2024-05-29T08:08:49","guid":{"rendered":"http:\/\/dominique-astrologue.com\/?page_id=23"},"modified":"2024-06-06T09:32:04","modified_gmt":"2024-06-06T07:32:04","slug":"qui-suis-je","status":"publish","type":"page","link":"https:\/\/dominique-astrologue.com\/index.php\/qui-suis-je\/","title":{"rendered":"Qui suis-je ?"},"content":{"rendered":"\n<p>Astrologue depuis plus de 30 ans, l&rsquo;astrologie est un tr\u00e8s bon moyen pour vous<strong> guider dans les domaines professionnels, amoureux ou financiers. <\/strong><\/p>\n\n\n\n<p>Tout au long de mon parcours, j&rsquo;ai d\u00e9velopp\u00e9 une attitude bienveillante et humaniste envers tous les \u00eatres vivants. Mes exp\u00e9riences de vie et professionnelles m&rsquo;ont enseign\u00e9 l&rsquo;importance de la compassion et de la r\u00e9silience. Gr\u00e2ce \u00e0 ma tranquillit\u00e9 d&rsquo;esprit et ma s\u00e9r\u00e9nit\u00e9, je suis per\u00e7ue comme une personne fiable et g\u00e9n\u00e9reuse. J&rsquo;ai \u00e9labor\u00e9 mes propres m\u00e9thodes, que j&rsquo;ai affin\u00e9es . La richesse de cette tradition ancestrale me fascine profond\u00e9ment.<\/p>\n\n\n<div class=\"wp-block-image\">\n<figure class=\"aligncenter size-full\"><img loading=\"lazy\" decoding=\"async\" width=\"194\" height=\"259\" src=\"https:\/\/dominique-astrologue.com\/wp-content\/uploads\/2024\/06\/images-1-1.jpg\" alt=\"\" class=\"wp-image-192\"\/><\/figure><\/div>","protected":false},"excerpt":{"rendered":"<p>Astrologue depuis plus de 30 ans, l&rsquo;astrologie est un tr\u00e8s bon moyen pour vous guider dans les domaines professionnels, amoureux ou financiers. Tout au long de mon parcours, j&rsquo;ai d\u00e9velopp\u00e9 &hellip;<\/p>\n","protected":false},"author":1,"featured_media":0,"parent":0,"menu_order":0,"comment_status":"closed","ping_status":"closed","template":"","meta":{"footnotes":""},"class_list":["post-23","page","type-page","status-publish","hentry"],"_links":{"self":[{"href":"https:\/\/dominique-astrologue.com\/index.php\/wp-json\/wp\/v2\/pages\/23"}],"collection":[{"href":"https:\/\/dominique-astrologue.com\/index.php\/wp-json\/wp\/v2\/pages"}],"about":[{"href":"https:\/\/dominique-astrologue.com\/index.php\/wp-json\/wp\/v2\/types\/page"}],"author":[{"embeddable":true,"href":"https:\/\/dominique-astrologue.com\/index.php\/wp-json\/wp\/v2\/users\/1"}],"replies":[{"embeddable":true,"href":"https:\/\/dominique-astrologue.com\/index.php\/wp-json\/wp\/v2\/comments?post=23"}],"version-history":[{"count":9,"href":"https:\/\/dominique-astrologue.com\/index.php\/wp-json\/wp\/v2\/pages\/23\/revisions"}],"predecessor-version":[{"id":219,"href":"https:\/\/dominique-astrologue.com\/index.php\/wp-json\/wp\/v2\/pages\/23\/revisions\/219"}],"wp:attachment":[{"href":"https:\/\/dominique-astrologue.com\/index.php\/wp-json\/wp\/v2\/media?parent=23"}],"curies":[{"name":"wp","href":"https:\/\/api.w.org\/{rel}","templated":true}]}}